{"id":640,"date":"2019-01-26T15:40:00","date_gmt":"2019-01-26T15:40:00","guid":{"rendered":"http:\/\/egeszsegterkep.hu\/?page_id=640"},"modified":"2019-02-09T08:48:24","modified_gmt":"2019-02-09T08:48:24","slug":"egeszseg-stressz-megelozes","status":"publish","type":"page","link":"https:\/\/naturmarketing.hu\/egeszsegterkep\/egeszseg-stressz-megelozes\/","title":{"rendered":"Eg\u00e9szs\u00e9g"},"content":{"rendered":"<div id=\"pl-640\"  class=\"panel-layout\" ><div id=\"pg-640-0\"  class=\"panel-grid panel-no-style\" ><div id=\"pgc-640-0-0\"  class=\"panel-grid-cell\" ><div id=\"panel-640-0-0-0\" class=\"so-panel widget widget_media_gallery panel-first-child panel-last-child\" data-index=\"0\" ><div id='gallery-1' class='gallery galleryid-640 gallery-columns-3 gallery-size-thumbnail'><figure class='gallery-item'>\n\t\t\t<div class='gallery-icon landscape'>\n\t\t\t\t<a href='https:\/\/naturmarketing.hu\/egeszsegterkep\/portfolio\/old-gadget\/black-and-white-black-and-white-challenge-262488\/'><img decoding=\"async\" width=\"150\" height=\"150\" src=\"https:\/\/naturmarketing.hu\/egeszsegterkep\/wp-content\/uploads\/2017\/01\/black-and-white-black-and-white-challenge-262488-150x150.jpg\" class=\"attachment-thumbnail size-thumbnail\" alt=\"\" srcset=\"https:\/\/naturmarketing.hu\/egeszsegterkep\/wp-content\/uploads\/2017\/01\/black-and-white-black-and-white-challenge-262488-150x150.jpg 150w, https:\/\/naturmarketing.hu\/egeszsegterkep\/wp-content\/uploads\/2017\/01\/black-and-white-black-and-white-challenge-262488-300x300.jpg 300w\" sizes=\"(max-width: 150px) 100vw, 150px\" \/><\/a>\n\t\t\t<\/div><\/figure><figure class='gallery-item'>\n\t\t\t<div class='gallery-icon landscape'>\n\t\t\t\t<a href='https:\/\/naturmarketing.hu\/egeszsegterkep\/portfolio\/classic-collection\/checking-checklist-daily-report-1001752\/'><img decoding=\"async\" width=\"150\" height=\"150\" src=\"https:\/\/naturmarketing.hu\/egeszsegterkep\/wp-content\/uploads\/2017\/01\/checking-checklist-daily-report-1001752-e1548493307455-150x150.jpg\" class=\"attachment-thumbnail size-thumbnail\" alt=\"\" srcset=\"https:\/\/naturmarketing.hu\/egeszsegterkep\/wp-content\/uploads\/2017\/01\/checking-checklist-daily-report-1001752-e1548493307455-150x150.jpg 150w, https:\/\/naturmarketing.hu\/egeszsegterkep\/wp-content\/uploads\/2017\/01\/checking-checklist-daily-report-1001752-e1548493307455-300x300.jpg 300w, https:\/\/naturmarketing.hu\/egeszsegterkep\/wp-content\/uploads\/2017\/01\/checking-checklist-daily-report-1001752-e1548493307455-768x768.jpg 768w, https:\/\/naturmarketing.hu\/egeszsegterkep\/wp-content\/uploads\/2017\/01\/checking-checklist-daily-report-1001752-e1548493307455-1024x1024.jpg 1024w, https:\/\/naturmarketing.hu\/egeszsegterkep\/wp-content\/uploads\/2017\/01\/checking-checklist-daily-report-1001752-e1548493307455.jpg 1668w\" sizes=\"(max-width: 150px) 100vw, 150px\" \/><\/a>\n\t\t\t<\/div><\/figure><figure class='gallery-item'>\n\t\t\t<div class='gallery-icon landscape'>\n\t\t\t\t<a href='https:\/\/naturmarketing.hu\/egeszsegterkep\/programming-language\/'><img decoding=\"async\" width=\"150\" height=\"150\" src=\"https:\/\/naturmarketing.hu\/egeszsegterkep\/wp-content\/uploads\/2019\/01\/Programming-language-150x150.jpg\" class=\"attachment-thumbnail size-thumbnail\" alt=\"\" srcset=\"https:\/\/naturmarketing.hu\/egeszsegterkep\/wp-content\/uploads\/2019\/01\/Programming-language-150x150.jpg 150w, https:\/\/naturmarketing.hu\/egeszsegterkep\/wp-content\/uploads\/2019\/01\/Programming-language-300x300.jpg 300w\" sizes=\"(max-width: 150px) 100vw, 150px\" \/><\/a>\n\t\t\t<\/div><\/figure>\n\t\t<\/div>\n<\/div><\/div><\/div><div id=\"pg-640-1\"  class=\"panel-grid panel-no-style\" ><div id=\"pgc-640-1-0\"  class=\"panel-grid-cell\" ><div id=\"panel-640-1-0-0\" class=\"so-panel widget widget_text panel-first-child panel-last-child\" data-index=\"1\" >\t\t\t<div class=\"textwidget\"><p>&nbsp;<\/p>\n<p>&nbsp;<\/p>\n<p class=\"font_7\"><strong><span class=\"color_29\">K\u00fcl\u00f6nleges szeml\u00e9let\u00a0<\/span><\/strong><\/p>\n<p class=\"font_7\">A szervezeti eg\u00e9szs\u00e9g meghat\u00e1roz\u00e1s\u00e1t azzal eg\u00e9sz\u00edthetj\u00fck ki, hogy az eg\u00e9szs\u00e9\u00adges szervezetben a probl\u00e9mamegold\u00f3 mechanizmusok automatikusan m\u0171k\u00f6dnek, csak\u00fagy, mint az immunrendszerben a fiziol\u00f3gi\u00e1ban.\u00a0Amikor hi\u00e1nyoznak, gyeng\u00e9k vagy lass\u00faak a probl\u00e9mamegold\u00f3 mechanizmusok, a\u00a0probl\u00e9m\u00e1k \u00e1lland\u00f3sulnak vagy visszat\u00e9rnek. Ilyenkor az energi\u00e1t \u00e9s a forr\u00e1sokat folyamatosan a r\u00f6vidt\u00e1\u00adv\u00fa r\u00e9szmegold\u00e1sok k\u00f6tik le, \u00e9s nem a f\u0151 c\u00e9lokra ford\u00edtj\u00e1k azokat.<\/p>\n<p class=\"font_7\"><strong>Eg\u00e9szs\u00e9ges-szervezet-fejleszt\u00e9s alapjai:\u00a0<\/strong>\u2666 m\u00e9r\u0151sz\u00e1mok alapj\u00e1n l\u00e1that\u00f3 szervezet\u00a0\u2666 c\u00e9lok\u00a0\u2666 folyamatok\u00a0\u2666 kiindul\u00f3pont\u00a0\u2666 kock\u00e1zatok\u00a0\u2666 motiv\u00e1ci\u00f3s szint<\/p>\n<\/div>\n\t\t<\/div><\/div><\/div><div id=\"pg-640-2\"  class=\"panel-grid panel-no-style\" ><div id=\"pgc-640-2-0\"  class=\"panel-grid-cell\" ><div id=\"panel-640-2-0-0\" class=\"so-panel widget widget_text panel-first-child panel-last-child\" data-index=\"2\" ><h3 class=\"widget-title\">Kock\u00e1zatelemz\u00e9s<\/h3>\t\t\t<div class=\"textwidget\"><ul class=\"font_7\">\n<li>\n<p class=\"font_7\">Szervezeti helyzetfelm\u00e9r\u00e9s<\/p>\n<\/li>\n<li>\n<p class=\"font_7\">Munkak\u00f6rnyezet vizsg\u00e1lata<\/p>\n<\/li>\n<li>\n<p class=\"font_7\">Mozg\u00e1sszervi megbeteged\u00e9sekkel \u00f6sszef\u00fcgg\u0151 kock\u00e1zatok<\/p>\n<\/li>\n<li>\n<p class=\"font_7\">Pszichoszoci\u00e1lis kock\u00e1zatok<\/p>\n<\/li>\n<li>\n<p class=\"font_7\">\u00c9letm\u00f3db\u00f3l ered\u0151 kock\u00e1zatok<\/p>\n<\/li>\n<li>\n<p class=\"font_7\">Eg\u00e9szs\u00e9gterv<\/p>\n<\/li>\n<li>\n<p class=\"font_7\">Eg\u00e9szs\u00e9gstrat\u00e9gia<\/p>\n<\/li>\n<\/ul>\n<\/div>\n\t\t<\/div><\/div><div id=\"pgc-640-2-1\"  class=\"panel-grid-cell\" ><div id=\"panel-640-2-1-0\" class=\"so-panel widget widget_text panel-first-child panel-last-child\" data-index=\"3\" ><h3 class=\"widget-title\">C\u00e9lzott tr\u00e9ningek<\/h3>\t\t\t<div class=\"textwidget\"><ul class=\"font_7\">\n<li>\n<p class=\"font_7\">Stressz teszt<\/p>\n<\/li>\n<li>\n<p class=\"font_7\">Stressz m\u00e9r\u00e9s<\/p>\n<\/li>\n<li>\n<p class=\"font_7\">Stressz menedzsment:\u00a0felm\u00e9r\u00e9s, \u00e9rt\u00e9kel\u00e9s, megold\u00e1s, hat\u00e9konys\u00e1g<\/p>\n<\/li>\n<\/ul>\n<ul class=\"font_7\">\n<li>Ismerd meg a stresszfaktoraidat\u00a0&#8211; stressz teszt \u00e9s tan\u00e1csad\u00e1s<\/li>\n<li>\n<p class=\"font_7\">Stressz EKG m\u00e9r\u00e9ssel\u00a0felm\u00e9rhetj\u00fck a kock\u00e1zatokat.<\/p>\n<\/li>\n<li>\n<p class=\"font_7\">\u00c9lett\u00e9r ergon\u00f3mia\u00a0jelent\u0151s\u00e9ge (pl. \u00fcl\u00e9s sor\u00e1n, hogy stresszelj\u00fck a \u00a0test\u00fcnket)<\/p>\n<\/li>\n<li>\n<p class=\"font_7\">Kieg\u00e9sz\u00edt\u0151 opci\u00f3k:\u00a0el\u0151ad\u00e1s, kock\u00e1zatelemz\u00e9s, h\u00e1tt\u00e9rt\u00e1mogat\u00e1s<\/p>\n<\/li>\n<\/ul>\n<\/div>\n\t\t<\/div><\/div><div id=\"pgc-640-2-2\"  class=\"panel-grid-cell\" ><div id=\"panel-640-2-2-0\" class=\"so-panel widget widget_text panel-first-child panel-last-child\" data-index=\"4\" ><h3 class=\"widget-title\">Eg\u00e9szs\u00e9gmenedzsment<\/h3>\t\t\t<div class=\"textwidget\"><ul class=\"font_7\">\n<li>\n<p class=\"font_7\">Megel\u0151z\u0151 strat\u00e9gai<\/p>\n<\/li>\n<li>\n<p class=\"font_7\">t\u00e1mogat\u00f3 rendszer<\/p>\n<\/li>\n<li>\n<p class=\"font_7\">Egy\u00e9n \u00e9lethelyzetek<\/p>\n<\/li>\n<li>\n<p class=\"font_7\">Csoport szint\u0171 megold\u00e1sok<\/p>\n<\/li>\n<li>\n<p class=\"font_7\">Stressz-faktorok<\/p>\n<\/li>\n<li>\n<p class=\"font_7\">Terhel\u00e9sek<\/p>\n<\/li>\n<li>\n<p class=\"font_7\">G\u00e1tl\u00f3 t\u00e9nyez\u0151k<\/p>\n<\/li>\n<li>\n<p class=\"font_7\">Befoly\u00e1sol\u00f3 k\u00f6rnyezet<\/p>\n<\/li>\n<li>\n<p class=\"font_7\">Kock\u00e1zatelemz\u00e9s<\/p>\n<\/li>\n<\/ul>\n<\/div>\n\t\t<\/div><\/div><\/div><div id=\"pg-640-3\"  class=\"panel-grid panel-no-style\" ><div id=\"pgc-640-3-0\"  class=\"panel-grid-cell\" ><div id=\"panel-640-3-0-0\" class=\"so-panel widget widget_media_gallery panel-first-child panel-last-child\" data-index=\"5\" ><div id='gallery-2' class='gallery galleryid-640 gallery-columns-3 gallery-size-thumbnail'><figure class='gallery-item'>\n\t\t\t<div class='gallery-icon landscape'>\n\t\t\t\t<a href='https:\/\/naturmarketing.hu\/egeszsegterkep\/egeszseg-stressz-megelozes\/design-desk-display-313690\/'><img decoding=\"async\" width=\"150\" height=\"150\" src=\"https:\/\/naturmarketing.hu\/egeszsegterkep\/wp-content\/uploads\/2019\/02\/design-desk-display-313690-150x150.jpg\" class=\"attachment-thumbnail size-thumbnail\" alt=\"\" srcset=\"https:\/\/naturmarketing.hu\/egeszsegterkep\/wp-content\/uploads\/2019\/02\/design-desk-display-313690-150x150.jpg 150w, https:\/\/naturmarketing.hu\/egeszsegterkep\/wp-content\/uploads\/2019\/02\/design-desk-display-313690-300x300.jpg 300w\" sizes=\"(max-width: 150px) 100vw, 150px\" \/><\/a>\n\t\t\t<\/div><\/figure><figure class='gallery-item'>\n\t\t\t<div class='gallery-icon landscape'>\n\t\t\t\t<a href='https:\/\/naturmarketing.hu\/egeszsegterkep\/egeszseg-stressz-megelozes\/apple-business-chairs-7062\/'><img decoding=\"async\" width=\"150\" height=\"150\" src=\"https:\/\/naturmarketing.hu\/egeszsegterkep\/wp-content\/uploads\/2019\/02\/apple-business-chairs-7062-150x150.jpg\" class=\"attachment-thumbnail size-thumbnail\" alt=\"\" srcset=\"https:\/\/naturmarketing.hu\/egeszsegterkep\/wp-content\/uploads\/2019\/02\/apple-business-chairs-7062-150x150.jpg 150w, https:\/\/naturmarketing.hu\/egeszsegterkep\/wp-content\/uploads\/2019\/02\/apple-business-chairs-7062-300x300.jpg 300w\" sizes=\"(max-width: 150px) 100vw, 150px\" \/><\/a>\n\t\t\t<\/div><\/figure><figure class='gallery-item'>\n\t\t\t<div class='gallery-icon landscape'>\n\t\t\t\t<a href='https:\/\/naturmarketing.hu\/egeszsegterkep\/egeszseg-stressz-megelozes\/adults-analysis-banking-1451447\/'><img decoding=\"async\" width=\"150\" height=\"150\" src=\"https:\/\/naturmarketing.hu\/egeszsegterkep\/wp-content\/uploads\/2019\/02\/adults-analysis-banking-1451447-150x150.jpg\" class=\"attachment-thumbnail size-thumbnail\" alt=\"\" srcset=\"https:\/\/naturmarketing.hu\/egeszsegterkep\/wp-content\/uploads\/2019\/02\/adults-analysis-banking-1451447-150x150.jpg 150w, https:\/\/naturmarketing.hu\/egeszsegterkep\/wp-content\/uploads\/2019\/02\/adults-analysis-banking-1451447-300x300.jpg 300w\" sizes=\"(max-width: 150px) 100vw, 150px\" \/><\/a>\n\t\t\t<\/div><\/figure>\n\t\t<\/div>\n<\/div><\/div><\/div><div id=\"pg-640-4\"  class=\"panel-grid panel-no-style\" ><div id=\"pgc-640-4-0\"  class=\"panel-grid-cell\" ><div id=\"panel-640-4-0-0\" class=\"so-panel widget widget_text panel-first-child panel-last-child\" data-index=\"6\" ><h3 class=\"widget-title\">Kieg\u00e9sz\u00edt\u0151 rendszerek<\/h3>\t\t\t<div class=\"textwidget\"><ul class=\"font_7\">\n<li>\n<p class=\"font_7\"><span>Eg\u00e9szs\u00e9gbiztos\u00edt\u00e1s, eg\u00e9szs\u00e9gv\u00e9delem alternat\u00edv\u00e1i\u00a0<\/span><\/p>\n<\/li>\n<li>\n<p class=\"font_7\"><span>Kulcsemberek \u00e9s munkat\u00e1rsak t\u00e1mogat\u00e1sa\u00a0<\/span><\/p>\n<\/li>\n<li>\n<p class=\"font_7\"><span>Integr\u00e1lt menedzsment\u00a0<\/span><\/p>\n<\/li>\n<li>\n<p class=\"font_7\"><span>Eur\u00f3pai min\u0151s\u00e9g- \u00e9s kiv\u00e1l\u00f3s\u00e1gmodell<\/span><\/p>\n<\/li>\n<li>\n<p class=\"font_7\"><span>\u00dczleti modellez\u00e9s<\/span><\/p>\n<\/li>\n<\/ul>\n<\/div>\n\t\t<\/div><\/div><div id=\"pgc-640-4-1\"  class=\"panel-grid-cell\" ><div id=\"panel-640-4-1-0\" class=\"so-panel widget widget_text panel-first-child panel-last-child\" data-index=\"7\" ><h3 class=\"widget-title\">Ut\u00e1nk\u00f6vet\u0151 programok<\/h3>\t\t\t<div class=\"textwidget\"><ul class=\"font_7\">\n<li>\n<p class=\"font_7\">Stresszkezel\u00e9s &#8211; Motiv\u00e1ci\u00f3 &#8211; Hat\u00e9konys\u00e1g<\/p>\n<\/li>\n<li>\n<p class=\"font_7\">Vezet\u0151i szeml\u00e9let<\/p>\n<\/li>\n<li>\n<p class=\"font_7\">\u00c9lett\u00e9r ergon\u00f3mia<\/p>\n<\/li>\n<li>\n<p class=\"font_7\">Csoportdinamika &#8211; Konfliktuskezel\u00e9s<\/p>\n<\/li>\n<li>\n<p class=\"font_7\">Kapcsolatkezel\u00e9s<\/p>\n<\/li>\n<li>\n<p class=\"font_7\">Stressz program<\/p>\n<\/li>\n<li>\n<p class=\"font_7\">Felm\u00e9r\u00e9sek<\/p>\n<\/li>\n<\/ul>\n<\/div>\n\t\t<\/div><\/div><div id=\"pgc-640-4-2\"  class=\"panel-grid-cell\" ><div id=\"panel-640-4-2-0\" class=\"so-panel widget widget_text panel-first-child panel-last-child\" data-index=\"8\" ><h3 class=\"widget-title\">Kiindul\u00f3pont program<\/h3>\t\t\t<div class=\"textwidget\"><ul class=\"font_7\">\n<li>\n<p class=\"font_7\">K\u00e9rd\u0151\u00edves felm\u00e9r\u00e9s, elemz\u00e9s<\/p>\n<\/li>\n<li>\n<p class=\"font_7\">Eg\u00e9szs\u00e9g &#8211; szint &#8211; Stressz-szint &#8211; Motiv\u00e1ci\u00f3s-szint<\/p>\n<\/li>\n<li>\n<p class=\"font_7\">Eg\u00e9szs\u00e9gm\u00e9r\u00e9s &#8211; orvosi diagnosztikai m\u00e9r\u00e9s<\/p>\n<\/li>\n<li>\n<p class=\"font_7\">Eg\u00e9szs\u00e9g-szoftver fejleszt\u00e9s &#8211; Egy\u00e9ni elemz\u0151 besz\u00e9lget\u00e9s<\/p>\n<\/li>\n<li>\n<p class=\"font_7\">H\u00e1tt\u00e9rt\u00e1mogat\u00e1s<\/p>\n<\/li>\n<\/ul>\n<\/div>\n\t\t<\/div><\/div><\/div><div id=\"pg-640-5\"  class=\"panel-grid panel-no-style\" ><div id=\"pgc-640-5-0\"  class=\"panel-grid-cell\" ><div id=\"panel-640-5-0-0\" class=\"so-panel widget widget_media_gallery panel-first-child panel-last-child\" data-index=\"9\" ><div id='gallery-3' class='gallery galleryid-640 gallery-columns-3 gallery-size-thumbnail'><figure class='gallery-item'>\n\t\t\t<div class='gallery-icon landscape'>\n\t\t\t\t<a href='https:\/\/naturmarketing.hu\/egeszsegterkep\/20-cute-funny-danbo-cardboard-box-art-be-careful-climb\/'><img decoding=\"async\" width=\"150\" height=\"150\" src=\"https:\/\/naturmarketing.hu\/egeszsegterkep\/wp-content\/uploads\/2019\/01\/20-cute-funny-danbo-cardboard-box-art-be-careful-climb-150x150.jpg\" class=\"attachment-thumbnail size-thumbnail\" alt=\"\" \/><\/a>\n\t\t\t<\/div><\/figure><figure class='gallery-item'>\n\t\t\t<div class='gallery-icon landscape'>\n\t\t\t\t<a href='https:\/\/naturmarketing.hu\/egeszsegterkep\/images-1\/'><img decoding=\"async\" width=\"150\" height=\"150\" src=\"https:\/\/naturmarketing.hu\/egeszsegterkep\/wp-content\/uploads\/2019\/01\/images-1-150x150.jpg\" class=\"attachment-thumbnail size-thumbnail\" alt=\"\" \/><\/a>\n\t\t\t<\/div><\/figure><figure class='gallery-item'>\n\t\t\t<div class='gallery-icon landscape'>\n\t\t\t\t<a href='https:\/\/naturmarketing.hu\/egeszsegterkep\/projektek-interaktiv-trend-programok\/business-cellphone-chess-910330\/'><img decoding=\"async\" width=\"150\" height=\"150\" src=\"https:\/\/naturmarketing.hu\/egeszsegterkep\/wp-content\/uploads\/2019\/01\/business-cellphone-chess-910330-150x150.jpg\" class=\"attachment-thumbnail size-thumbnail\" alt=\"\" srcset=\"https:\/\/naturmarketing.hu\/egeszsegterkep\/wp-content\/uploads\/2019\/01\/business-cellphone-chess-910330-150x150.jpg 150w, https:\/\/naturmarketing.hu\/egeszsegterkep\/wp-content\/uploads\/2019\/01\/business-cellphone-chess-910330-300x300.jpg 300w\" sizes=\"(max-width: 150px) 100vw, 150px\" \/><\/a>\n\t\t\t<\/div><\/figure>\n\t\t<\/div>\n<\/div><\/div><\/div><div id=\"pg-640-6\"  class=\"panel-grid panel-no-style\" ><div id=\"pgc-640-6-0\"  class=\"panel-grid-cell\" ><div id=\"panel-640-6-0-0\" class=\"so-panel widget widget_text panel-first-child panel-last-child\" data-index=\"10\" ><h3 class=\"widget-title\">Interakt\u00edv program<\/h3>\t\t\t<div class=\"textwidget\"><ul class=\"font_7\">\n<li>\n<p class=\"font_7\">eg\u00e9szs\u00e9g mini tr\u00e9ning<\/p>\n<\/li>\n<li>\n<p class=\"font_7\">gyors stressz teszt<\/p>\n<\/li>\n<li>\n<p class=\"font_7\">probl\u00e9ma faktorok kisz\u0171r\u00e9se:<\/p>\n<p>halogat\u00e1s, d\u00f6nt\u00e9s, kapcsolatok, p\u00e9nz\u00fcgyi, munka, eg\u00e9szs\u00e9g&#8230;<\/li>\n<\/ul>\n<\/div>\n\t\t<\/div><\/div><div id=\"pgc-640-6-1\"  class=\"panel-grid-cell\" ><div id=\"panel-640-6-1-0\" class=\"so-panel widget widget_text panel-first-child panel-last-child\" data-index=\"11\" ><h3 class=\"widget-title\">Eg\u00e9szs\u00e9g nap \/ h\u00e9t<\/h3>\t\t\t<div class=\"textwidget\"><ul class=\"font_7\">\n<li>\n<p class=\"font_7\">Felm\u00e9r\u00e9sek<\/p>\n<\/li>\n<li>\n<p class=\"font_7\">Sz\u0171r\u00e9sek<\/p>\n<\/li>\n<li>\n<p class=\"font_7\">Eg\u00e9szs\u00e9gnapok<\/p>\n<\/li>\n<li>\n<p class=\"font_7\">\u00c9ves program<\/p>\n<\/li>\n<\/ul>\n<\/div>\n\t\t<\/div><\/div><div id=\"pgc-640-6-2\"  class=\"panel-grid-cell\" ><div id=\"panel-640-6-2-0\" class=\"so-panel widget widget_text panel-first-child panel-last-child\" data-index=\"12\" ><h3 class=\"widget-title\">Skill m\u00f3dszertan<\/h3>\t\t\t<div class=\"textwidget\"><ul class=\"font_7\">\n<li>\n<p class=\"font_7\">Skill mix meghat\u00e1roz\u00e1sa<\/p>\n<\/li>\n<li>\n<p class=\"font_7\">k\u00fcl\u00f6nleges skillek er\u0151s\u00edt\u00e9se<\/p>\n<\/li>\n<li>\n<p class=\"font_7\">hi\u00e1nyz\u00f3 skillek felt\u00e9rk\u00e9pez\u00e9se<\/p>\n<\/li>\n<li>\n<p class=\"font_7\">l\u00e9p\u00e9sr\u0151l l\u00e9p\u00e9sre progam<\/p>\n<\/li>\n<\/ul>\n<\/div>\n\t\t<\/div><\/div><\/div><div id=\"pg-640-7\"  class=\"panel-grid panel-no-style\" ><div id=\"pgc-640-7-0\"  class=\"panel-grid-cell\" ><div id=\"panel-640-7-0-0\" class=\"so-panel widget widget_media_gallery panel-first-child panel-last-child\" data-index=\"13\" ><div id='gallery-4' class='gallery galleryid-640 gallery-columns-3 gallery-size-thumbnail'><figure class='gallery-item'>\n\t\t\t<div class='gallery-icon landscape'>\n\t\t\t\t<a href='https:\/\/naturmarketing.hu\/egeszsegterkep\/egeszseg-stressz-megelozes\/business-businessmen-classroom-267507\/'><img decoding=\"async\" width=\"150\" height=\"150\" src=\"https:\/\/naturmarketing.hu\/egeszsegterkep\/wp-content\/uploads\/2019\/02\/business-businessmen-classroom-267507-150x150.jpg\" class=\"attachment-thumbnail size-thumbnail\" alt=\"Home office t\u00e1mogat\u00e1s\" aria-describedby=\"gallery-4-978\" srcset=\"https:\/\/naturmarketing.hu\/egeszsegterkep\/wp-content\/uploads\/2019\/02\/business-businessmen-classroom-267507-150x150.jpg 150w, https:\/\/naturmarketing.hu\/egeszsegterkep\/wp-content\/uploads\/2019\/02\/business-businessmen-classroom-267507-300x300.jpg 300w\" sizes=\"(max-width: 150px) 100vw, 150px\" \/><\/a>\n\t\t\t<\/div>\n\t\t\t\t<figcaption class='wp-caption-text gallery-caption' id='gallery-4-978'>\n\t\t\t\tHome office t\u00e1mogat\u00e1s\n\t\t\t\t<\/figcaption><\/figure><figure class='gallery-item'>\n\t\t\t<div class='gallery-icon landscape'>\n\t\t\t\t<a href='https:\/\/naturmarketing.hu\/egeszsegterkep\/risk\/'><img decoding=\"async\" width=\"150\" height=\"150\" src=\"https:\/\/naturmarketing.hu\/egeszsegterkep\/wp-content\/uploads\/2019\/01\/risk-150x150.jpg\" class=\"attachment-thumbnail size-thumbnail\" alt=\"\" srcset=\"https:\/\/naturmarketing.hu\/egeszsegterkep\/wp-content\/uploads\/2019\/01\/risk-150x150.jpg 150w, https:\/\/naturmarketing.hu\/egeszsegterkep\/wp-content\/uploads\/2019\/01\/risk-300x300.jpg 300w\" sizes=\"(max-width: 150px) 100vw, 150px\" \/><\/a>\n\t\t\t<\/div><\/figure><figure class='gallery-item'>\n\t\t\t<div class='gallery-icon landscape'>\n\t\t\t\t<a href='https:\/\/naturmarketing.hu\/egeszsegterkep\/angry-woman-with-phone\/'><img decoding=\"async\" width=\"150\" height=\"150\" src=\"https:\/\/naturmarketing.hu\/egeszsegterkep\/wp-content\/uploads\/2019\/01\/online-150x150.jpg\" class=\"attachment-thumbnail size-thumbnail\" alt=\"\" srcset=\"https:\/\/naturmarketing.hu\/egeszsegterkep\/wp-content\/uploads\/2019\/01\/online-150x150.jpg 150w, https:\/\/naturmarketing.hu\/egeszsegterkep\/wp-content\/uploads\/2019\/01\/online-300x300.jpg 300w\" sizes=\"(max-width: 150px) 100vw, 150px\" \/><\/a>\n\t\t\t<\/div><\/figure>\n\t\t<\/div>\n<\/div><\/div><\/div><div id=\"pg-640-8\"  class=\"panel-grid panel-no-style\" ><div id=\"pgc-640-8-0\"  class=\"panel-grid-cell\" ><div id=\"panel-640-8-0-0\" class=\"so-panel widget widget_text panel-first-child panel-last-child\" data-index=\"14\" ><h3 class=\"widget-title\">Minden, ami eg\u00e9szs\u00e9g<\/h3>\t\t\t<div class=\"textwidget\"><p class=\"font_7\">Interakt\u00edv t\u00fara az eg\u00e9szs\u00e9g jegy\u00e9ben, mely az \u00f6sszes t\u00e9m\u00e1t \u00e9rinti, \u00fagy, hogy egym\u00e1sra \u00e9p\u00fcl, bemutatja az \u00f6sszef\u00fcgg\u00e9seket, hat\u00e1sokat, k\u00fcl\u00f6nb\u00f6z\u0151 kock\u00e1zatokat \u00e9s alternat\u00edv lehet\u0151s\u00e9geket, melyben mindenki megtal\u00e1lja a sz\u00e1m\u00e1ra legmegfelel\u0151bb lehet\u0151s\u00e9geket.<\/p>\n<p class=\"font_7\">A hangs\u00faly az interaktivit\u00e1son van, mint egy csapat\u00e9p\u00edt\u0151 tr\u00e9ningen, ahol plusz motiv\u00e1ci\u00f3t lehet el\u00e9rni a saj\u00e1t probl\u00e9m\u00e1k, m\u00e1s probl\u00e9m\u00e1i k\u00f6z\u00f6tti p\u00e1rhuzam megmutat\u00e1s\u00e1val \u00e9s k\u00f6z\u00f6s (ir\u00e1ny\u00edtott) aktivit\u00e1ssal el lehet jutni a megold\u00e1sokhoz.<\/p>\n<p class=\"font_7\">Minden t\u00e9m\u00e1n\u00e1l \u00e9rdemes figyelmet ford\u00edtania arra, hogy a k\u00fcl\u00f6nb\u00f6z\u0151 c\u00e9lcsoportok figyelembev\u00e9tel\u00e9vel ker\u00fcljenek \u00f6ssze\u00e1ll\u00edt\u00e1sra a programok (vezet\u0151i, adminisztrat\u00edv, fizikai, \u00e9letkor, kock\u00e1zati t\u00e9nyez\u0151k\u2026).<\/p>\n<p class=\"font_7\">A k\u00fcl\u00f6nb\u00f6z\u0151 program elemeink modul rendszer\u0171ek, \u00edgy k\u00f6nnyen kombin\u00e1lhat\u00f3ak, a c\u00e9g \u00e9s az egy\u00e9ni ig\u00e9nyekre alak\u00edthat\u00f3ak, hangs\u00falyozottan a magas aktivit\u00e1s el\u00e9r\u00e9s\u00e9\u00e9rt, figyelembe v\u00e9ve a leg\u00fajabb kutat\u00e1sok eredm\u00e9nyeit is. (Alv\u00e1s, stressz, \u00e9letm\u00f3d, k\u00f6rnyezeti hat\u00e1sok\u2026)<\/p>\n<\/div>\n\t\t<\/div><\/div><\/div><\/div>","protected":false},"excerpt":{"rendered":"<p>&nbsp; &nbsp; K\u00fcl\u00f6nleges szeml\u00e9let\u00a0 A szervezeti eg\u00e9szs\u00e9g meghat\u00e1roz\u00e1s\u00e1t azzal eg\u00e9sz\u00edthetj\u00fck ki, hogy az eg\u00e9szs\u00e9\u00adges szervezetben a probl\u00e9mamegold\u00f3 mechanizmusok automatikusan m\u0171k\u00f6dnek, [&hellip;]<\/p>\n","protected":false},"author":6,"featured_media":0,"parent":0,"menu_order":0,"comment_status":"closed","ping_status":"closed","template":"page-templates\/pagebuilder.php","meta":{"footnotes":""},"_links":{"self":[{"href":"https:\/\/naturmarketing.hu\/egeszsegterkep\/wp-json\/wp\/v2\/pages\/640"}],"collection":[{"href":"https:\/\/naturmarketing.hu\/egeszsegterkep\/wp-json\/wp\/v2\/pages"}],"about":[{"href":"https:\/\/naturmarketing.hu\/egeszsegterkep\/wp-json\/wp\/v2\/types\/page"}],"author":[{"embeddable":true,"href":"https:\/\/naturmarketing.hu\/egeszsegterkep\/wp-json\/wp\/v2\/users\/6"}],"replies":[{"embeddable":true,"href":"https:\/\/naturmarketing.hu\/egeszsegterkep\/wp-json\/wp\/v2\/comments?post=640"}],"version-history":[{"count":0,"href":"https:\/\/naturmarketing.hu\/egeszsegterkep\/wp-json\/wp\/v2\/pages\/640\/revisions"}],"wp:attachment":[{"href":"https:\/\/naturmarketing.hu\/egeszsegterkep\/wp-json\/wp\/v2\/media?parent=640"}],"curies":[{"name":"wp","href":"https:\/\/api.w.org\/{rel}","templated":true}]}}